{"id":1015,"date":"2024-01-01T20:45:03","date_gmt":"2024-01-01T19:45:03","guid":{"rendered":"https:\/\/repaircafe-ludwigslust.de\/?page_id=1015"},"modified":"2024-01-02T11:42:01","modified_gmt":"2024-01-02T10:42:01","slug":"unsere-bilanz-2022-und-2023","status":"publish","type":"page","link":"https:\/\/repaircafe-ludwigslust.de\/index.php\/unsere-bilanz-2022-und-2023\/","title":{"rendered":"Unsere Bilanz 2022 und 2023"},"content":{"rendered":"\n<p>Wir haben die Zeit zwischen Weihnachten und dem neuen Jahr daf\u00fcr genutzt eine Bilanz unserer bisherigen T\u00e4tigkeit f\u00fcr das Jahr unserer Gr\u00fcndung 2022 und f\u00fcr das gerade zu Ende gegangenen Jahr 2023 zu ziehen.  <br><br>Herausgekommen ist dabei folgendes:<br><\/p>\n\n\n\n<h2 class=\"wp-block-heading\">Reparierte Gegenst\u00e4nde und Erfolgsquoten :<\/h2>\n\n\n\n<p><br><strong>Das Jahr 2022:<\/strong><br>Im April 2022 haben wir unsere Arbeit aufgenommen, und in  <strong>19 Repaircaf\u00e9s<\/strong> insgesamt<strong> 35 <\/strong>von<strong> 45 <\/strong>defekten Ger\u00e4ten reparieren k\u00f6nnen.<br><strong>Das entspricht einer Erfolgsquote von 77%. <br><\/strong><br><strong>Das Jahr 2023:<\/strong><br>Im Jahr 2023 haben wir  insgesamt  <strong>23 Repaircaf\u00e9s<\/strong> durchgef\u00fchrt, und dabei insgesamt <strong>65 <\/strong>von <strong>92<\/strong> defekten Ger\u00e4ten reparieren k\u00f6nnen. <br><strong>Das entspricht einer Erfolgsquote von 70%. <\/strong><br><br>Da wir davon ausgehen, dass sich unsere F\u00e4higkeiten nicht verschlechtert haben, f\u00fchren wir die gesunkene Reparaturquote darauf zur\u00fcck, dass entweder das Reparieren generell anspruchsvoller geworden ist, oder aber, dass wir zunehmend f\u00fcr schwierigere Reparaturen angefragt werden. <br><br>Wir hoffen dass letzteres der Fall ist.<\/p>\n\n\n\n<h2 class=\"wp-block-heading\">Was wir repariert haben<\/h2>\n\n\n\n<figure class=\"wp-block-image size-full\"><img loading=\"lazy\" decoding=\"async\" width=\"765\" height=\"566\" src=\"https:\/\/repaircafe-ludwigslust.de\/wp-content\/uploads\/2024\/01\/01_reparierte_Geraete-1.jpg\" alt=\"\" class=\"wp-image-1019\" srcset=\"https:\/\/repaircafe-ludwigslust.de\/wp-content\/uploads\/2024\/01\/01_reparierte_Geraete-1.jpg 765w, https:\/\/repaircafe-ludwigslust.de\/wp-content\/uploads\/2024\/01\/01_reparierte_Geraete-1-300x222.jpg 300w\" sizes=\"auto, (max-width: 765px) 100vw, 765px\" \/><\/figure>\n\n\n\n<p>Der L\u00f6wenanteil der Ger\u00e4te die zu uns gebracht werden ist elektrisch oder elektronisch. Das ist ein auff\u00e4lliger Unterschied zu anderen Repaircaf\u00e9s in denen Textilien und M\u00f6bel eine weit gr\u00f6\u00dfere Rolle spielen. <\/p>\n\n\n\n<p>Eine Konsequenz die wir daraus gezogen haben ist, unseren Bestand an Werkzeugen und Ersatzteilen f\u00fcr zuk\u00fcnftige Elektroreparaturen aufzustocken. <\/p>\n\n\n\n<h2 class=\"wp-block-heading\">Wir und die \u00d6ffentlichkeit<\/h2>\n\n\n\n<figure class=\"wp-block-image size-full\"><img loading=\"lazy\" decoding=\"async\" width=\"848\" height=\"483\" src=\"https:\/\/repaircafe-ludwigslust.de\/wp-content\/uploads\/2024\/01\/02_Wie_haben_sie_von_uns_erfahren-1.jpg\" alt=\"\" class=\"wp-image-1020\" srcset=\"https:\/\/repaircafe-ludwigslust.de\/wp-content\/uploads\/2024\/01\/02_Wie_haben_sie_von_uns_erfahren-1.jpg 848w, https:\/\/repaircafe-ludwigslust.de\/wp-content\/uploads\/2024\/01\/02_Wie_haben_sie_von_uns_erfahren-1-300x171.jpg 300w, https:\/\/repaircafe-ludwigslust.de\/wp-content\/uploads\/2024\/01\/02_Wie_haben_sie_von_uns_erfahren-1-768x437.jpg 768w\" sizes=\"auto, (max-width: 848px) 100vw, 848px\" \/><\/figure>\n\n\n\n<p>Wir sind neugierig und fragen mittlerweile vor jeder Reparatur wie unsere Besucher von uns erfahren haben.<br><br>Dabei haben wir gelernt:<br><br>Zum Gro\u00dfteil erf\u00e4hrt man von uns aus der Zeitung, dicht gefolgt von Mundpropaganda. <br>Besonders letzteres freut uns nat\u00fcrlich. <br>Deutlich weniger Kontakte (aber durchaus noch ein relevanter Anteil) kommen dadurch zustande da\u00df Besucher im Internet nach &#8222;Repaircaf\u00e9&#8220; suchen und unsere Internetpr\u00e4senz finden. <br>Fast genauso relevant ist auch unser Schaufenster in der Schlo\u00dfstra\u00dfe 30.  <br><br>Wir lernen daraus, dass wir auch in Zukunft unser lokales Printmedium mit aufregenden Geschichten aus dem Repaircaf\u00e9 f\u00fcttern sollten.<\/p>\n","protected":false},"excerpt":{"rendered":"<p>Wir haben die Zeit zwischen Weihnachten und dem neuen Jahr daf\u00fcr genutzt eine Bilanz unserer bisherigen T\u00e4tigkeit f\u00fcr das Jahr unserer Gr\u00fcndung 2022 und f\u00fcr das gerade zu Ende gegangenen [&hellip;]<\/p>\n","protected":false},"author":1,"featured_media":0,"parent":0,"menu_order":0,"comment_status":"closed","ping_status":"closed","template":"","meta":{"footnotes":""},"class_list":["post-1015","page","type-page","status-publish","hentry"],"_links":{"self":[{"href":"https:\/\/repaircafe-ludwigslust.de\/index.php\/wp-json\/wp\/v2\/pages\/1015","targetHints":{"allow":["GET"]}}],"collection":[{"href":"https:\/\/repaircafe-ludwigslust.de\/index.php\/wp-json\/wp\/v2\/pages"}],"about":[{"href":"https:\/\/repaircafe-ludwigslust.de\/index.php\/wp-json\/wp\/v2\/types\/page"}],"author":[{"embeddable":true,"href":"https:\/\/repaircafe-ludwigslust.de\/index.php\/wp-json\/wp\/v2\/users\/1"}],"replies":[{"embeddable":true,"href":"https:\/\/repaircafe-ludwigslust.de\/index.php\/wp-json\/wp\/v2\/comments?post=1015"}],"version-history":[{"count":11,"href":"https:\/\/repaircafe-ludwigslust.de\/index.php\/wp-json\/wp\/v2\/pages\/1015\/revisions"}],"predecessor-version":[{"id":1040,"href":"https:\/\/repaircafe-ludwigslust.de\/index.php\/wp-json\/wp\/v2\/pages\/1015\/revisions\/1040"}],"wp:attachment":[{"href":"https:\/\/repaircafe-ludwigslust.de\/index.php\/wp-json\/wp\/v2\/media?parent=1015"}],"curies":[{"name":"wp","href":"https:\/\/api.w.org\/{rel}","templated":true}]}}