{"id":122,"date":"2022-10-01T19:28:14","date_gmt":"2022-10-01T19:28:14","guid":{"rendered":"https:\/\/repaircafe-ludwigslust.de\/?page_id=122"},"modified":"2023-12-10T19:47:53","modified_gmt":"2023-12-10T18:47:53","slug":"hilfe","status":"publish","type":"page","link":"https:\/\/repaircafe-ludwigslust.de\/index.php\/hilfe\/","title":{"rendered":"Etwas ist kaputt&#8230;"},"content":{"rendered":"\n<p>&#8230;Du hast ein kaputtes Ger\u00e4t, ein kaputtes M\u00f6bel- oder Kleidungsst\u00fcck das Du lieber gemeinsam mit uns reparieren als einsam in den M\u00fcll werfen willst. Dann bist Du bei uns richtig, wir wollen Dir helfen. <br><br>Wir veranstalten regelm\u00e4ssig <a href=\"https:\/\/repaircafe-ludwigslust.de\/index.php\/was-ist-ein-repaircafe\/\" data-type=\"page\" data-id=\"190\">Repaircaf\u00e9s<\/a> in denen wir uns treffen um bei Kaffe und Kuchen gemeinsam Dinge zu reparieren.<br><br>Du kannst einfach mit Deinem Problemfall in einem unserer n\u00e4chsten Repaircaf\u00e9s vorbeischauen. Wann und wo die n\u00e4chsten Repaircaf\u00e9s stattfinden kannst Du unserem <a href=\"\/index.php\/events\/\" data-type=\"URL\">Terminkalender<\/a> entnehmen. <\/p>\n\n\n\n<h2 class=\"wp-block-heading\">Muss ich mich f\u00fcr ein Repaircaf\u00e9 anmelden?<\/h2>\n\n\n\n<p>Du kannst einfach ohne Anmeldung mit Deinem Ger\u00e4t in einem unserer n\u00e4chsten Repaircaf\u00e9s vorbeischauen.  Du kannst aber auch gleich hier eine <a href=\"https:\/\/repaircafe-ludwigslust.de\/index.php\/defektes-geraet-melden\/\" data-type=\"page\" data-id=\"152\">Reparaturanfrage<\/a> stellen. Wir k\u00f6nnen dann mit Dir einen Termin vereinbaren und Wartezeiten im Repaircafe vermeiden.  Au\u00dferdem hilft es uns dabei uns <em>*vorher*<\/em> \u00fcber spezielle Reparaturm\u00f6glichkeiten und die Verf\u00fcgbarkeit von Ersatzteilen zu informieren. <\/p>\n\n\n\n<h2 class=\"wp-block-heading\">Was kostet das?<\/h2>\n\n\n\n<p>Unsere Arbeit im Repaircaf\u00e9 wird ehrenamtlich erbracht, und ist grunds\u00e4tzlich f\u00fcr Dich kostenlos. Allerdings k\u00f6nnen durch eine Reparatur nat\u00fcrlich weitere Kosten z.B. f\u00fcr Erstatzteile  enstehen. Wir finden das dann gemeinsam mit Dir heraus und versuchen zusammen mit Dir einen g\u00fcnstigsten Weg zu finden.<br><\/p>\n\n\n\n<h2 class=\"wp-block-heading\">Spenden<\/h2>\n\n\n\n<p>Wir arbeiten grunds\u00e4tzlich ehrenamtlich und kostenlos, aber nat\u00fcrlich ben\u00f6tigen wir Geld f\u00fcr laufende Kosten wie Strom, Heizung und Miete.<br>Spenden sind uns daher willkommen. <br>Als eingetragener gemeinn\u00fctziger Verein sind wir in der Lage steuerabzugsf\u00e4hige Spendenquittungen auszustellen. <br>Bitte beachte dazu auch unsere <a href=\"https:\/\/repaircafe-ludwigslust.de\/index.php\/spenden-und-sponsoren\/\" data-type=\"page\" data-id=\"829\">Informationen f\u00fcr Spender und Sponsoren<\/a>.<\/p>\n\n\n\n<p><br><br><br><\/p>\n","protected":false},"excerpt":{"rendered":"<p>&#8230;Du hast ein kaputtes Ger\u00e4t, ein kaputtes M\u00f6bel- oder Kleidungsst\u00fcck das Du lieber gemeinsam mit uns reparieren als einsam in den M\u00fcll werfen willst. Dann bist Du bei uns richtig, [&hellip;]<\/p>\n","protected":false},"author":1,"featured_media":0,"parent":0,"menu_order":0,"comment_status":"closed","ping_status":"closed","template":"","meta":{"footnotes":""},"class_list":["post-122","page","type-page","status-publish","hentry"],"_links":{"self":[{"href":"https:\/\/repaircafe-ludwigslust.de\/index.php\/wp-json\/wp\/v2\/pages\/122","targetHints":{"allow":["GET"]}}],"collection":[{"href":"https:\/\/repaircafe-ludwigslust.de\/index.php\/wp-json\/wp\/v2\/pages"}],"about":[{"href":"https:\/\/repaircafe-ludwigslust.de\/index.php\/wp-json\/wp\/v2\/types\/page"}],"author":[{"embeddable":true,"href":"https:\/\/repaircafe-ludwigslust.de\/index.php\/wp-json\/wp\/v2\/users\/1"}],"replies":[{"embeddable":true,"href":"https:\/\/repaircafe-ludwigslust.de\/index.php\/wp-json\/wp\/v2\/comments?post=122"}],"version-history":[{"count":19,"href":"https:\/\/repaircafe-ludwigslust.de\/index.php\/wp-json\/wp\/v2\/pages\/122\/revisions"}],"predecessor-version":[{"id":990,"href":"https:\/\/repaircafe-ludwigslust.de\/index.php\/wp-json\/wp\/v2\/pages\/122\/revisions\/990"}],"wp:attachment":[{"href":"https:\/\/repaircafe-ludwigslust.de\/index.php\/wp-json\/wp\/v2\/media?parent=122"}],"curies":[{"name":"wp","href":"https:\/\/api.w.org\/{rel}","templated":true}]}}