{"id":139,"date":"2022-10-01T20:12:23","date_gmt":"2022-10-01T20:12:23","guid":{"rendered":"https:\/\/repaircafe-ludwigslust.de\/?page_id=139"},"modified":"2023-11-19T20:17:23","modified_gmt":"2023-11-19T19:17:23","slug":"regeln-hausordnung","status":"publish","type":"page","link":"https:\/\/repaircafe-ludwigslust.de\/index.php\/regeln-hausordnung\/","title":{"rendered":"Hausordnung"},"content":{"rendered":"\n<p><\/p>\n\n\n\n<ul class=\"wp-block-list\">\n<li>Die Arbeit im Repaircaf\u00e9 wird ehrenamtlich erbracht, und ist  grunds\u00e4tzlich f\u00fcr die Besucher kostenlos. <br>Allerdings k\u00f6nnen durch eine Reparatur weitere Kosten z.B. f\u00fcr Ersatz- oder Verschlei\u00dfteile entstehen. Solche Kosten sind in der Regel vom Besucher zu tragen.   <br><\/li>\n\n\n\n<li>Im, bzw. vom Repaircaf\u00e9 werden nur privat genutzte Gegenst\u00e4nde repariert.<br><\/li>\n\n\n\n<li>Reparaturen werden soweit wie m\u00f6glich vom Besucher selbst durchgef\u00fchrt, erforderlichenfalls mit Hilfe der vor Ort anwesenden Reparaturhelfer.<br><\/li>\n\n\n\n<li>Das Repaircaf\u00e9 ist kein kostenloser Reparaturdienstleister. Es geht im Repaircaf\u00e9 um Hilfe zur Selbsthilfe. Die Organisatoren und Helfer k\u00f6nnen darum nur bei Vorliegen von Vorsatz oder Fahrl\u00e4ssigkeit eine Haftung f\u00fcr Sch\u00e4den an Eigentum, K\u00f6rper, Gesundheit oder Leben \u00fcbernehmen.<br><\/li>\n\n\n\n<li>Ein freiwilliger Beitrag zu den laufenden Unkosten des Repaircaf\u00e9s wird sehr gesch\u00e4tzt.<br><\/li>\n\n\n\n<li>Das Anbieten von kaputten Gegenst\u00e4nden zur Reparatur geschieht auf eigenes Risiko.<br><\/li>\n\n\n\n<li>Repaircaf\u00e9 und Helfer geben keine Garantie auf die mit ihrer Hilfe durchgef\u00fchrten Reparaturen und sind nicht haftbar, wenn Gegenst\u00e4nde die im Repaircaf\u00e9 repariert wurden zuhause nicht funktionieren.<br><\/li>\n\n\n\n<li>Das Repaircaf\u00e9 bzw die anwesenden Helfer behalten sich das Recht vor bestimmte Gegenst\u00e4nde nicht zu reparieren.<br><\/li>\n\n\n\n<li>Helfer sind nicht verpflichtet demontierte Ger\u00e4te, die nicht repariert werden k\u00f6nnen, wieder zusammenzusetzen.<br><\/li>\n\n\n\n<li>Besucher des Repaircaf\u00e9s sind selbst f\u00fcr die ordnungsgem\u00e4\u00dfe Entsorgung oder Beseitigung von kaputten oder funktionsunt\u00fcchtigen Gegenst\u00e4nden verantwortlich die nicht repariert werden konnten.<br><\/li>\n\n\n\n<li>Zur Vermeidung langer Wartezeiten wird bei starkem Zulauf h\u00f6chstens ein Gegenstand je Besucher repariert. F\u00fcr jeden weiteren Gegenstand stellt sich der Besucher wieder hinten in der Reihe an.<br><\/li>\n\n\n\n<li><strong>Der Besucher wird darauf hingewiesen, dass er ggF. bei elektrischen Ger\u00e4ten selbst einen Fachbetrieb aufsuchen, und auf eigene Kosten eine Pr\u00fcfung nach DIN VDE 0701 vornehmen lassen muss.<br><\/strong><\/li>\n\n\n\n<li>Besucher die nicht mit dieser Hausordnung einverstanden sind werden gebeten die Veranstaltung zu verlassen<\/li>\n<\/ul>\n","protected":false},"excerpt":{"rendered":"","protected":false},"author":1,"featured_media":0,"parent":0,"menu_order":0,"comment_status":"closed","ping_status":"closed","template":"","meta":{"footnotes":""},"class_list":["post-139","page","type-page","status-publish","hentry"],"_links":{"self":[{"href":"https:\/\/repaircafe-ludwigslust.de\/index.php\/wp-json\/wp\/v2\/pages\/139","targetHints":{"allow":["GET"]}}],"collection":[{"href":"https:\/\/repaircafe-ludwigslust.de\/index.php\/wp-json\/wp\/v2\/pages"}],"about":[{"href":"https:\/\/repaircafe-ludwigslust.de\/index.php\/wp-json\/wp\/v2\/types\/page"}],"author":[{"embeddable":true,"href":"https:\/\/repaircafe-ludwigslust.de\/index.php\/wp-json\/wp\/v2\/users\/1"}],"replies":[{"embeddable":true,"href":"https:\/\/repaircafe-ludwigslust.de\/index.php\/wp-json\/wp\/v2\/comments?post=139"}],"version-history":[{"count":12,"href":"https:\/\/repaircafe-ludwigslust.de\/index.php\/wp-json\/wp\/v2\/pages\/139\/revisions"}],"predecessor-version":[{"id":950,"href":"https:\/\/repaircafe-ludwigslust.de\/index.php\/wp-json\/wp\/v2\/pages\/139\/revisions\/950"}],"wp:attachment":[{"href":"https:\/\/repaircafe-ludwigslust.de\/index.php\/wp-json\/wp\/v2\/media?parent=139"}],"curies":[{"name":"wp","href":"https:\/\/api.w.org\/{rel}","templated":true}]}}