{"id":1684,"date":"2026-02-08T17:09:11","date_gmt":"2026-02-08T16:09:11","guid":{"rendered":"https:\/\/repaircafe-ludwigslust.de\/?page_id=1684"},"modified":"2026-02-08T17:19:41","modified_gmt":"2026-02-08T16:19:41","slug":"stangl-hof-service-ug-haftungsbeschraenkt","status":"publish","type":"page","link":"https:\/\/repaircafe-ludwigslust.de\/index.php\/stangl-hof-service-ug-haftungsbeschraenkt\/","title":{"rendered":"Stangl-Hof Service UG (haftungsbeschr\u00e4nkt)"},"content":{"rendered":"\n<figure class=\"wp-block-image size-full\"><a href=\"https:\/\/Stangel-Hof.de\" target=\"_blank\" rel=\" noreferrer noopener\"><img loading=\"lazy\" decoding=\"async\" width=\"500\" height=\"350\" src=\"https:\/\/repaircafe-ludwigslust.de\/wp-content\/uploads\/2026\/02\/Logo_Stangl_Hof_Logo.500_350.png\" alt=\"\" class=\"wp-image-1680\" srcset=\"https:\/\/repaircafe-ludwigslust.de\/wp-content\/uploads\/2026\/02\/Logo_Stangl_Hof_Logo.500_350.png 500w, https:\/\/repaircafe-ludwigslust.de\/wp-content\/uploads\/2026\/02\/Logo_Stangl_Hof_Logo.500_350-300x210.png 300w\" sizes=\"auto, (max-width: 500px) 100vw, 500px\" \/><\/a><figcaption class=\"wp-element-caption\">L<\/figcaption><\/figure>\n\n\n\n<p>Wir sind Ihr zuverl\u00e4ssiger und regionaler Servicepartner rund um Haus, Hof und Garten in der Region Ludwigslust, Grabow und Eldena. Bei unserem regional verwurzelten Unternehmen profitieren Sie von einem pers\u00f6nlichen und sehr individuellen Service. Unsere Leistungen richten sich dabei an Privatkunden, Vermieter und Gewerbekunden in der Region Schwerin-Mecklenburg, im Landkreis Ludwigslust-Parchim und in der Prignitz.<\/p>\n\n\n\n<p><strong><a href=\"https:\/\/Stangel-Hof.de\" target=\"_blank\" rel=\"noreferrer noopener\">Stangel-Hof Service UG\u00a0<\/a><br><\/strong>(haftungsbeschr\u00e4nkt)<br>Kleine Stra\u00dfe 1<br>19294 Karst\u00e4dt<\/p>\n\n\n\n<p><\/p>\n","protected":false},"excerpt":{"rendered":"<p>Wir sind Ihr zuverl\u00e4ssiger und regionaler Servicepartner rund um Haus, Hof und Garten in der Region Ludwigslust, Grabow und Eldena. Bei unserem regional verwurzelten Unternehmen profitieren Sie von einem pers\u00f6nlichen [&hellip;]<\/p>\n","protected":false},"author":1,"featured_media":0,"parent":0,"menu_order":0,"comment_status":"closed","ping_status":"closed","template":"","meta":{"footnotes":""},"class_list":["post-1684","page","type-page","status-publish","hentry"],"_links":{"self":[{"href":"https:\/\/repaircafe-ludwigslust.de\/index.php\/wp-json\/wp\/v2\/pages\/1684","targetHints":{"allow":["GET"]}}],"collection":[{"href":"https:\/\/repaircafe-ludwigslust.de\/index.php\/wp-json\/wp\/v2\/pages"}],"about":[{"href":"https:\/\/repaircafe-ludwigslust.de\/index.php\/wp-json\/wp\/v2\/types\/page"}],"author":[{"embeddable":true,"href":"https:\/\/repaircafe-ludwigslust.de\/index.php\/wp-json\/wp\/v2\/users\/1"}],"replies":[{"embeddable":true,"href":"https:\/\/repaircafe-ludwigslust.de\/index.php\/wp-json\/wp\/v2\/comments?post=1684"}],"version-history":[{"count":4,"href":"https:\/\/repaircafe-ludwigslust.de\/index.php\/wp-json\/wp\/v2\/pages\/1684\/revisions"}],"predecessor-version":[{"id":1691,"href":"https:\/\/repaircafe-ludwigslust.de\/index.php\/wp-json\/wp\/v2\/pages\/1684\/revisions\/1691"}],"wp:attachment":[{"href":"https:\/\/repaircafe-ludwigslust.de\/index.php\/wp-json\/wp\/v2\/media?parent=1684"}],"curies":[{"name":"wp","href":"https:\/\/api.w.org\/{rel}","templated":true}]}}