{"id":1686,"date":"2026-02-08T17:13:43","date_gmt":"2026-02-08T16:13:43","guid":{"rendered":"https:\/\/repaircafe-ludwigslust.de\/?page_id=1686"},"modified":"2026-02-08T17:13:43","modified_gmt":"2026-02-08T16:13:43","slug":"xeneris-media","status":"publish","type":"page","link":"https:\/\/repaircafe-ludwigslust.de\/index.php\/xeneris-media\/","title":{"rendered":"Xeneris Media"},"content":{"rendered":"\n<figure class=\"wp-block-image size-full is-resized\"><a href=\"https:\/\/xeneris.net\" target=\"_blank\" rel=\" noreferrer noopener\"><img loading=\"lazy\" decoding=\"async\" width=\"500\" height=\"194\" src=\"https:\/\/repaircafe-ludwigslust.de\/wp-content\/uploads\/2026\/02\/Logo_Xeneris_Logo_500_194-1.png\" alt=\"\" class=\"wp-image-1681\" style=\"width:610px;height:auto\" srcset=\"https:\/\/repaircafe-ludwigslust.de\/wp-content\/uploads\/2026\/02\/Logo_Xeneris_Logo_500_194-1.png 500w, https:\/\/repaircafe-ludwigslust.de\/wp-content\/uploads\/2026\/02\/Logo_Xeneris_Logo_500_194-1-300x116.png 300w\" sizes=\"auto, (max-width: 500px) 100vw, 500px\" \/><\/a><\/figure>\n\n\n\n<h1 class=\"wp-block-heading\">Die Kan\u00e4le &#8230;<\/h1>\n\n\n\n<h3 class=\"wp-block-heading\">contact:info@xeneris.net<\/h3>\n\n\n\n<p>&#8230; moderner Kommunikation \u00e4ndern und erweitern sich st\u00e4ndig. Vom Handzettel zur Zeitung; von der Zeitung zum Radio; vom Radio zum Fernsehen, vom Fernsehen zum Internet &#8211; die Kundeninformation befindet sich auf einer endlosen Reise.<\/p>\n\n\n\n<p>Xeneris Media ist mit an Bord. Wir sind Spezialisten f\u00fcr die Informationsgestaltung im Internet und auf Papier. Ursprung und vorl\u00e4ufiger H\u00f6hepunkt moderner kommunikativer Prozesse sind seit Jahren unsere t\u00e4glichen Begleiter. Ein so enger Kontakt schl\u00e4gt sich nicht nur in Fachwissen nieder, sondern auch in Stilsicherheit.<\/p>\n\n\n\n<p>Wir bieten Ihnen, was Sie brauchen. Wir bringen Ihre W\u00fcnsche mit den Vorstellungen Ihrer Zielgruppe unter einen Hut. Und was immer dabei herauskommt, ein Text ohne Punkt und Komma oder eine Videoanimation: Wir konzipieren, schreiben, zeichnen, programmieren das f\u00fcr Sie!.<\/p>\n\n\n\n<h3 class=\"wp-block-heading\">Ob Tontafeln, Papyrus oder Internet &#8211; Kommunikation ist unser Medium.<\/h3>\n\n\n\n<p>Hendrik Heinl, Harald Nikolaus GbR<br><a href=\"https:\/\/xeneris.net\" target=\"_blank\" rel=\"noreferrer noopener\">Xeneris media<\/a><br>Wieblinger Weg 17, 69123 Heidelberg<br>Telefon +49 6221 603013, Fax 601314<br>E-Mail: info@xeneris.net<br>WWW: www.xeneris.net<\/p>\n\n\n\n<p><\/p>\n","protected":false},"excerpt":{"rendered":"<p>Die Kan\u00e4le &#8230; contact:info@xeneris.net &#8230; moderner Kommunikation \u00e4ndern und erweitern sich st\u00e4ndig. Vom Handzettel zur Zeitung; von der Zeitung zum Radio; vom Radio zum Fernsehen, vom Fernsehen zum Internet &#8211; [&hellip;]<\/p>\n","protected":false},"author":1,"featured_media":0,"parent":0,"menu_order":0,"comment_status":"closed","ping_status":"closed","template":"","meta":{"footnotes":""},"class_list":["post-1686","page","type-page","status-publish","hentry"],"_links":{"self":[{"href":"https:\/\/repaircafe-ludwigslust.de\/index.php\/wp-json\/wp\/v2\/pages\/1686","targetHints":{"allow":["GET"]}}],"collection":[{"href":"https:\/\/repaircafe-ludwigslust.de\/index.php\/wp-json\/wp\/v2\/pages"}],"about":[{"href":"https:\/\/repaircafe-ludwigslust.de\/index.php\/wp-json\/wp\/v2\/types\/page"}],"author":[{"embeddable":true,"href":"https:\/\/repaircafe-ludwigslust.de\/index.php\/wp-json\/wp\/v2\/users\/1"}],"replies":[{"embeddable":true,"href":"https:\/\/repaircafe-ludwigslust.de\/index.php\/wp-json\/wp\/v2\/comments?post=1686"}],"version-history":[{"count":1,"href":"https:\/\/repaircafe-ludwigslust.de\/index.php\/wp-json\/wp\/v2\/pages\/1686\/revisions"}],"predecessor-version":[{"id":1687,"href":"https:\/\/repaircafe-ludwigslust.de\/index.php\/wp-json\/wp\/v2\/pages\/1686\/revisions\/1687"}],"wp:attachment":[{"href":"https:\/\/repaircafe-ludwigslust.de\/index.php\/wp-json\/wp\/v2\/media?parent=1686"}],"curies":[{"name":"wp","href":"https:\/\/api.w.org\/{rel}","templated":true}]}}