{"id":33,"date":"2022-09-25T17:49:43","date_gmt":"2022-09-25T17:49:43","guid":{"rendered":"https:\/\/repaircafe-ludwigslust.de\/?page_id=33"},"modified":"2025-10-29T12:12:38","modified_gmt":"2025-10-29T11:12:38","slug":"impressum","status":"publish","type":"page","link":"https:\/\/repaircafe-ludwigslust.de\/index.php\/impressum\/","title":{"rendered":"Impressum"},"content":{"rendered":"\n<p>Angaben gem\u00e4\u00df \u00a7 5 TMG<\/p>\n\n\n\n<p>Repaircaf\u00e9 Ludwigslust e.V.<br>Lindenstra\u00dfe 18<br>19288 Ludwigslust<br><br>Eingetragen beim Amtsgericht Schwerin,<br>Vereinsregister (VR) 10611<br><\/p>\n\n\n\n<p><strong>Vertreten durch:<\/strong><br>den Vorstand: Dietmar Kr\u00fcger und Volker K\u00f6nig<\/p>\n\n\n\n<p><strong>Redaktionelle Verantwortung:<\/strong><br>Jochen Laser<\/p>\n\n\n\n<p><strong>Kontakt:<\/strong><br>E-Mail: <a href=\"mailto:info@repaircafe-ludwigslust.de\">info@repaircafe-ludwigslust.de<\/a><\/p>\n\n\n\n<p><strong>Haftungsausschluss:<\/strong><br><br><strong>Haftung f\u00fcr Links<\/strong><br><br>Unser Angebot enth\u00e4lt Links zu externen Webseiten Dritter, auf deren Inhalte wir keinen Einfluss haben. Deshalb k\u00f6nnen wir f\u00fcr diese fremden Inhalte auch keine Gew\u00e4hr \u00fcbernehmen. F\u00fcr die Inhalte der verlinkten Seiten ist stets der jeweilige Anbieter oder Betreiber der Seiten verantwortlich. Die verlinkten Seiten wurden zum Zeitpunkt der Verlinkung auf m\u00f6gliche Rechtsverst\u00f6\u00dfe \u00fcberpr\u00fcft. Rechtswidrige Inhalte waren zum Zeitpunkt der Verlinkung nicht erkennbar. Eine permanente inhaltliche Kontrolle der verlinkten Seiten ist jedoch ohne konkrete Anhaltspunkte einer Rechtsverletzung nicht zumutbar. Bei Bekanntwerden von Rechtsverletzungen werden wir derartige Links umgehend entfernen.<\/p>\n\n\n\n<p>Website Impressum von <a href=\"https:\/\/www.impressum-generator.de\">impressum-generator.de<\/a><\/p>\n","protected":false},"excerpt":{"rendered":"<p>Angaben gem\u00e4\u00df \u00a7 5 TMG Repaircaf\u00e9 Ludwigslust e.V.Lindenstra\u00dfe 1819288 Ludwigslust Eingetragen beim Amtsgericht Schwerin,Vereinsregister (VR) 10611 Vertreten durch:den Vorstand: Dietmar Kr\u00fcger und Volker K\u00f6nig Redaktionelle Verantwortung:Jochen Laser Kontakt:E-Mail: info@repaircafe-ludwigslust.de Haftungsausschluss: [&hellip;]<\/p>\n","protected":false},"author":1,"featured_media":0,"parent":0,"menu_order":0,"comment_status":"closed","ping_status":"closed","template":"","meta":{"footnotes":""},"class_list":["post-33","page","type-page","status-publish","hentry"],"_links":{"self":[{"href":"https:\/\/repaircafe-ludwigslust.de\/index.php\/wp-json\/wp\/v2\/pages\/33","targetHints":{"allow":["GET"]}}],"collection":[{"href":"https:\/\/repaircafe-ludwigslust.de\/index.php\/wp-json\/wp\/v2\/pages"}],"about":[{"href":"https:\/\/repaircafe-ludwigslust.de\/index.php\/wp-json\/wp\/v2\/types\/page"}],"author":[{"embeddable":true,"href":"https:\/\/repaircafe-ludwigslust.de\/index.php\/wp-json\/wp\/v2\/users\/1"}],"replies":[{"embeddable":true,"href":"https:\/\/repaircafe-ludwigslust.de\/index.php\/wp-json\/wp\/v2\/comments?post=33"}],"version-history":[{"count":9,"href":"https:\/\/repaircafe-ludwigslust.de\/index.php\/wp-json\/wp\/v2\/pages\/33\/revisions"}],"predecessor-version":[{"id":1617,"href":"https:\/\/repaircafe-ludwigslust.de\/index.php\/wp-json\/wp\/v2\/pages\/33\/revisions\/1617"}],"wp:attachment":[{"href":"https:\/\/repaircafe-ludwigslust.de\/index.php\/wp-json\/wp\/v2\/media?parent=33"}],"curies":[{"name":"wp","href":"https:\/\/api.w.org\/{rel}","templated":true}]}}