{"id":439,"date":"2022-10-09T15:18:10","date_gmt":"2022-10-09T15:18:10","guid":{"rendered":"https:\/\/repaircafe-ludwigslust.de\/?page_id=439"},"modified":"2024-12-01T10:29:05","modified_gmt":"2024-12-01T09:29:05","slug":"verein","status":"publish","type":"page","link":"https:\/\/repaircafe-ludwigslust.de\/index.php\/verein\/","title":{"rendered":"Verein"},"content":{"rendered":"\n<div class=\"wp-block-columns is-layout-flex wp-container-core-columns-is-layout-9d6595d7 wp-block-columns-is-layout-flex\">\n<div class=\"wp-block-column is-layout-flow wp-block-column-is-layout-flow\" style=\"flex-basis:66.66%\">\n<figure class=\"wp-block-image size-large\"><img loading=\"lazy\" decoding=\"async\" width=\"768\" height=\"1024\" src=\"https:\/\/repaircafe-ludwigslust.de\/wp-content\/uploads\/2022\/10\/21393-768x1024.jpg\" alt=\"\" class=\"wp-image-425\" srcset=\"https:\/\/repaircafe-ludwigslust.de\/wp-content\/uploads\/2022\/10\/21393-768x1024.jpg 768w, https:\/\/repaircafe-ludwigslust.de\/wp-content\/uploads\/2022\/10\/21393-225x300.jpg 225w, https:\/\/repaircafe-ludwigslust.de\/wp-content\/uploads\/2022\/10\/21393-1152x1536.jpg 1152w, https:\/\/repaircafe-ludwigslust.de\/wp-content\/uploads\/2022\/10\/21393-1200x1600.jpg 1200w, https:\/\/repaircafe-ludwigslust.de\/wp-content\/uploads\/2022\/10\/21393.jpg 1536w\" sizes=\"auto, (max-width: 768px) 100vw, 768px\" \/><\/figure>\n<\/div>\n\n\n\n<div class=\"wp-block-column is-layout-flow wp-block-column-is-layout-flow\" style=\"flex-basis:33.33%\">\n<p class=\"has-text-align-left\">Am 8.10.2022 haben <a href=\"https:\/\/repaircafe-ludwigslust.de\/index.php\/2022\/10\/09\/das-repaircafe-ludwigslust-gruendet-einen-verein\/\" data-type=\"post\" data-id=\"424\">wir uns als Verein gegr\u00fcndet<\/a>, um unseren Aktivit\u00e4ten rund um das Reparieren eine organisatorische Basis zu geben. Am 10.7.2023 wurde der Verein Repaircaf\u00e9 Ludwigslust e.V. in das <a href=\"https:\/\/repaircafe-ludwigslust.de\/index.php\/impressum\/\" data-type=\"page\" data-id=\"33\">Vereinsregister des Amtsgerichts Schwerin<\/a> eingetragen.<br><br><br>Hier findest Du <a href=\"https:\/\/repaircafe-ludwigslust.de\/wp-content\/uploads\/2024\/12\/20240921-Satzung-Repaircafe.pdf\" data-type=\"attachment\" data-id=\"1341\">unsere Satzung<\/a> und einen <a href=\"https:\/\/repaircafe-ludwigslust.de\/wp-content\/uploads\/2024\/12\/Repaircafe-Antrag-auf-Mitgliedschaft-20241103.pdf\" data-type=\"attachment\" data-id=\"1345\">Antrag auf Mitgliedsschaft (als PDF)<\/a><\/p>\n<\/div>\n<\/div>\n\n\n\n<p>Der Verein &#8222;Repaircaf\u00e9 Ludwigslust e.V.&#8220; ist als gemeinn\u00fctzig annerkannt und wir k\u00f6nnen Spendenquittungen zur Vorlage beim Finanzamt ausstellen. Wenn Sie unsere Arbeit f\u00f6rdern m\u00f6chten, nehmen Sie bitte <a href=\"https:\/\/repaircafe-ludwigslust.de\/index.php\/kontakt\/\" data-type=\"page\" data-id=\"11\">Kontakt<\/a> mit uns auf, und beachten Sie unsere Infos f\u00fcr <a href=\"https:\/\/repaircafe-ludwigslust.de\/index.php\/spenden-und-sponsoren\/\" data-type=\"page\" data-id=\"829\">F\u00f6rdermitglieder, Spender und Sponsoren.<\/a><\/p>\n","protected":false},"excerpt":{"rendered":"<p>Am 8.10.2022 haben wir uns als Verein gegr\u00fcndet, um unseren Aktivit\u00e4ten rund um das Reparieren eine organisatorische Basis zu geben. Am 10.7.2023 wurde der Verein Repaircaf\u00e9 Ludwigslust e.V. in das [&hellip;]<\/p>\n","protected":false},"author":1,"featured_media":0,"parent":0,"menu_order":0,"comment_status":"closed","ping_status":"closed","template":"","meta":{"footnotes":""},"class_list":["post-439","page","type-page","status-publish","hentry"],"_links":{"self":[{"href":"https:\/\/repaircafe-ludwigslust.de\/index.php\/wp-json\/wp\/v2\/pages\/439","targetHints":{"allow":["GET"]}}],"collection":[{"href":"https:\/\/repaircafe-ludwigslust.de\/index.php\/wp-json\/wp\/v2\/pages"}],"about":[{"href":"https:\/\/repaircafe-ludwigslust.de\/index.php\/wp-json\/wp\/v2\/types\/page"}],"author":[{"embeddable":true,"href":"https:\/\/repaircafe-ludwigslust.de\/index.php\/wp-json\/wp\/v2\/users\/1"}],"replies":[{"embeddable":true,"href":"https:\/\/repaircafe-ludwigslust.de\/index.php\/wp-json\/wp\/v2\/comments?post=439"}],"version-history":[{"count":15,"href":"https:\/\/repaircafe-ludwigslust.de\/index.php\/wp-json\/wp\/v2\/pages\/439\/revisions"}],"predecessor-version":[{"id":1346,"href":"https:\/\/repaircafe-ludwigslust.de\/index.php\/wp-json\/wp\/v2\/pages\/439\/revisions\/1346"}],"wp:attachment":[{"href":"https:\/\/repaircafe-ludwigslust.de\/index.php\/wp-json\/wp\/v2\/media?parent=439"}],"curies":[{"name":"wp","href":"https:\/\/api.w.org\/{rel}","templated":true}]}}