{"id":9,"date":"2022-09-25T17:21:14","date_gmt":"2022-09-25T17:21:14","guid":{"rendered":"https:\/\/repaircafe-ludwigslust.de\/?page_id=9"},"modified":"2025-11-15T07:21:54","modified_gmt":"2025-11-15T06:21:54","slug":"gestalte-deine-website-mit-bloecken","status":"publish","type":"page","link":"https:\/\/repaircafe-ludwigslust.de\/","title":{"rendered":"Repaircaf\u00e9 Ludwigslust"},"content":{"rendered":"\n<div class=\"wp-block-columns is-layout-flex wp-container-core-columns-is-layout-9d6595d7 wp-block-columns-is-layout-flex\">\n<div class=\"wp-block-column is-layout-flow wp-block-column-is-layout-flow\">\n<div class=\"wp-block-columns is-layout-flex wp-container-core-columns-is-layout-9d6595d7 wp-block-columns-is-layout-flex\">\n<div class=\"wp-block-column is-layout-flow wp-block-column-is-layout-flow\" style=\"flex-basis:66.66%\">\n<h2 class=\"wp-block-heading\">Wegwerfen? &#8211; Denkste!<\/h2>\n\n\n\n<p><br>Wilkommen auf den Webseiten des Repaircaf\u00e9s Ludwigslust.<br>Wir sind <a href=\"https:\/\/repaircafe-ludwigslust.de\/index.php\/ueber-uns\/\" data-type=\"page\" data-id=\"10\">Menschen<\/a> aus Ludwigslust und Umgebung die es lieber sehen, wenn kaputte Dinge <a href=\"https:\/\/repaircafe-ludwigslust.de\/index.php\/global-denken-lokal-handeln\/\" data-type=\"page\" data-id=\"217\">repariert anstatt weggeworfen <\/a>werden.<br>Unter anderem veranstalten wir <a href=\"https:\/\/repaircafe-ludwigslust.de\/index.php\/was-ist-ein-repaircafe\/\" data-type=\"page\" data-id=\"190\">Repaircaf\u00e9s<\/a> in Ludwigslust. <br><a href=\"https:\/\/repaircafe-ludwigslust.de\/index.php\/events\/\">Hier<\/a> findest Du <a href=\"https:\/\/repaircafe-ludwigslust.de\/index.php\/events\/\">unsere n\u00e4chsten Termine<\/a>.<br><br>Als organisatorische Basis f\u00fcr unsere Arbeit haben wir einen <a href=\"https:\/\/repaircafe-ludwigslust.de\/index.php\/verein\/\" data-type=\"page\" data-id=\"439\">Verein<\/a> gegr\u00fcndet.<br>Du kannst <a href=\"https:\/\/repaircafe-ludwigslust.de\/index.php\/ueber-uns\/\" data-type=\"page\" data-id=\"10\">hier<\/a> mehr \u00fcber uns erfahren<\/p>\n<\/div>\n\n\n\n<div class=\"wp-block-column is-layout-flow wp-block-column-is-layout-flow\" style=\"flex-basis:33.33%\">\n<figure class=\"wp-block-image size-large\"><img loading=\"lazy\" decoding=\"async\" width=\"576\" height=\"1024\" src=\"https:\/\/repaircafe-ludwigslust.de\/wp-content\/uploads\/2025\/06\/Repaircafe_Eroeffnung-576x1024.jpg\" alt=\"\" class=\"wp-image-1490\" srcset=\"https:\/\/repaircafe-ludwigslust.de\/wp-content\/uploads\/2025\/06\/Repaircafe_Eroeffnung-576x1024.jpg 576w, https:\/\/repaircafe-ludwigslust.de\/wp-content\/uploads\/2025\/06\/Repaircafe_Eroeffnung-169x300.jpg 169w, https:\/\/repaircafe-ludwigslust.de\/wp-content\/uploads\/2025\/06\/Repaircafe_Eroeffnung-768x1365.jpg 768w, https:\/\/repaircafe-ludwigslust.de\/wp-content\/uploads\/2025\/06\/Repaircafe_Eroeffnung-864x1536.jpg 864w, https:\/\/repaircafe-ludwigslust.de\/wp-content\/uploads\/2025\/06\/Repaircafe_Eroeffnung.jpg 1152w\" sizes=\"auto, (max-width: 576px) 100vw, 576px\" \/><figcaption class=\"wp-element-caption\">Wir befinden uns in der Lindenstra\u00dfe 18 in Ludwigslust.<\/figcaption><\/figure>\n<\/div>\n<\/div>\n<\/div>\n<\/div>\n\n\n\n<div class=\"wp-block-columns is-layout-flex wp-container-core-columns-is-layout-9d6595d7 wp-block-columns-is-layout-flex\">\n<div class=\"wp-block-column is-layout-flow wp-block-column-is-layout-flow\" style=\"flex-basis:33.33%\">\n<figure class=\"wp-block-image size-large is-resized\"><img loading=\"lazy\" decoding=\"async\" width=\"768\" height=\"1024\" src=\"https:\/\/repaircafe-ludwigslust.de\/wp-content\/uploads\/2024\/03\/GemeinsamReparieren-768x1024.jpg\" alt=\"\" class=\"wp-image-1131\" style=\"width:189px;height:auto\" srcset=\"https:\/\/repaircafe-ludwigslust.de\/wp-content\/uploads\/2024\/03\/GemeinsamReparieren-768x1024.jpg 768w, https:\/\/repaircafe-ludwigslust.de\/wp-content\/uploads\/2024\/03\/GemeinsamReparieren-225x300.jpg 225w, https:\/\/repaircafe-ludwigslust.de\/wp-content\/uploads\/2024\/03\/GemeinsamReparieren-1152x1536.jpg 1152w, https:\/\/repaircafe-ludwigslust.de\/wp-content\/uploads\/2024\/03\/GemeinsamReparieren-1536x2048.jpg 1536w, https:\/\/repaircafe-ludwigslust.de\/wp-content\/uploads\/2024\/03\/GemeinsamReparieren-1200x1600.jpg 1200w, https:\/\/repaircafe-ludwigslust.de\/wp-content\/uploads\/2024\/03\/GemeinsamReparieren-1980x2640.jpg 1980w, https:\/\/repaircafe-ludwigslust.de\/wp-content\/uploads\/2024\/03\/GemeinsamReparieren-scaled.jpg 1920w\" sizes=\"auto, (max-width: 768px) 100vw, 768px\" \/><figcaption class=\"wp-element-caption\">Lieber gemeinsam reparieren, <br>als einsam wegwerfen!<\/figcaption><\/figure>\n\n\n\n<p><\/p>\n<\/div>\n\n\n\n<div class=\"wp-block-column is-layout-flow wp-block-column-is-layout-flow\" style=\"flex-basis:66.66%\">\n<h2 class=\"wp-block-heading\">Etwas ist kaputt?<\/h2>\n\n\n\n<p>Vielleicht bist Du auf diese Seiten gekommen, weil Du ein kaputtes Ger\u00e4t oder ein besch\u00e4digtes Kleidungsst\u00fcck besitzt, das Du lieber gemeinsam mit uns reparieren als einsam wegwerfen m\u00f6chtest. <br>Dann bist Du bei uns richtig. <a href=\"https:\/\/repaircafe-ludwigslust.de\/index.php\/hilfe\/\">Hier<\/a> erkl\u00e4ren wir Dir <a href=\"https:\/\/repaircafe-ludwigslust.de\/index.php\/hilfe\/\">die n\u00e4chsten Schritte<\/a>.<\/p>\n<\/div>\n<\/div>\n\n\n\n<h2 class=\"wp-block-heading\">Aktuelles aus dem Repaircaf\u00e9:<\/h2>\n\n\n\n<div class=\"wp-block-columns is-layout-flex wp-container-core-columns-is-layout-9d6595d7 wp-block-columns-is-layout-flex\">\n<div class=\"wp-block-column is-layout-flow wp-block-column-is-layout-flow\">\n<div class=\"wp-block-query is-layout-flow wp-block-query-is-layout-flow\"><ul class=\"wp-block-post-template is-layout-flow wp-block-post-template-is-layout-flow\"><li class=\"wp-block-post post-1649 post type-post status-publish format-standard hentry category-reparaturinitiativen-2\">\n<h2 class=\"wp-block-post-title\"><a href=\"https:\/\/repaircafe-ludwigslust.de\/index.php\/2025\/11\/25\/europaeische-woche-der-abfallvermeidung-wir-sind-dabei\/\" target=\"_self\" >Europ\u00e4ische Woche der Abfallvermeidung &#8211; Wir sind dabei!<\/a><\/h2>\n\n\n\n<div class=\"wp-block-post-excerpt\"><p class=\"wp-block-post-excerpt__excerpt\">Im Rahmen der Europ\u00e4ischen Woche der Abfallvermeidung 2025 bietet das Repaircafe Ludwigslust e.V. zusammen mit der\u00a0 Abfallwirtschaft Ludwigslust-Parchim A\u00f6R unseren B\u00fcrgerinnen ein au\u00dferplanm\u00e4\u00dfiges Repaircafe zur Rettung ihrer E-Ger\u00e4te vor dem<\/p><p class=\"wp-block-post-excerpt__more-text\"><a class=\"wp-block-post-excerpt__more-link\" href=\"https:\/\/repaircafe-ludwigslust.de\/index.php\/2025\/11\/25\/europaeische-woche-der-abfallvermeidung-wir-sind-dabei\/\">Mehr lesen&#8230;<\/a><\/p><\/div>\n\n\n<hr class=\"wp-block-separator has-css-opacity\"\/>\n\n\n<div class=\"wp-block-post-date\"><time datetime=\"2025-11-25T19:10:12+01:00\">25. November 2025<\/time><\/div>\n<\/li><li class=\"wp-block-post post-1577 post type-post status-publish format-standard hentry category-reparaturinitiativen-2\">\n<h2 class=\"wp-block-post-title\"><a href=\"https:\/\/repaircafe-ludwigslust.de\/index.php\/2025\/08\/16\/tv-schwerin-im-repaircafe\/\" target=\"_self\" >TV-Schwerin im Repaircaf\u00e9<\/a><\/h2>\n\n\n\n<div class=\"wp-block-post-excerpt\"><p class=\"wp-block-post-excerpt__excerpt\">Unsere Popularit\u00e4t w\u00e4chst, und so konnte es nicht ausbleiben, da\u00df auch das Fernsehen sich f\u00fcr uns interessiert: Am Montag den 11.8.2025 war TV-Schwerin bei uns, und hat einen Bericht \u00fcber<\/p><p class=\"wp-block-post-excerpt__more-text\"><a class=\"wp-block-post-excerpt__more-link\" href=\"https:\/\/repaircafe-ludwigslust.de\/index.php\/2025\/08\/16\/tv-schwerin-im-repaircafe\/\">Mehr lesen&#8230;<\/a><\/p><\/div>\n\n\n<hr class=\"wp-block-separator has-css-opacity\"\/>\n\n\n<div class=\"wp-block-post-date\"><time datetime=\"2025-08-16T20:14:35+02:00\">16. August 2025<\/time><\/div>\n<\/li><li class=\"wp-block-post post-1497 post type-post status-publish format-standard hentry category-reparaturinitiativen-2\">\n<h2 class=\"wp-block-post-title\"><a href=\"https:\/\/repaircafe-ludwigslust.de\/index.php\/2025\/06\/08\/das-repaircafe-zieht-um\/\" target=\"_self\" >Das Repaircaf\u00e9 zieht um<\/a><\/h2>\n\n\n\n<div class=\"wp-block-post-excerpt\"><p class=\"wp-block-post-excerpt__excerpt\">Das Repaircaf\u00e9 Ludwigslust zieht um! &#8212; Ab dem 5. Juli 2025 findet Ihr uns in der Lindenstrasse 18 &#8212; In neuen und gr\u00f6\u00dferen R\u00e4umen, die wir permanent f\u00fcr Reparaturen, Repaircaf\u00e9s<\/p><p class=\"wp-block-post-excerpt__more-text\"><a class=\"wp-block-post-excerpt__more-link\" href=\"https:\/\/repaircafe-ludwigslust.de\/index.php\/2025\/06\/08\/das-repaircafe-zieht-um\/\">Mehr lesen&#8230;<\/a><\/p><\/div>\n\n\n<hr class=\"wp-block-separator has-css-opacity\"\/>\n\n\n<div class=\"wp-block-post-date\"><time datetime=\"2025-06-08T11:51:48+02:00\">8. Juni 2025<\/time><\/div>\n<\/li><\/ul><\/div>\n<\/div>\n<\/div>\n","protected":false},"excerpt":{"rendered":"<p>Wegwerfen? &#8211; Denkste! Wilkommen auf den Webseiten des Repaircaf\u00e9s Ludwigslust.Wir sind Menschen aus Ludwigslust und Umgebung die es lieber sehen, wenn kaputte Dinge repariert anstatt weggeworfen werden.Unter anderem veranstalten wir [&hellip;]<\/p>\n","protected":false},"author":1,"featured_media":0,"parent":0,"menu_order":0,"comment_status":"closed","ping_status":"closed","template":"","meta":{"footnotes":""},"class_list":["post-9","page","type-page","status-publish","hentry"],"_links":{"self":[{"href":"https:\/\/repaircafe-ludwigslust.de\/index.php\/wp-json\/wp\/v2\/pages\/9","targetHints":{"allow":["GET"]}}],"collection":[{"href":"https:\/\/repaircafe-ludwigslust.de\/index.php\/wp-json\/wp\/v2\/pages"}],"about":[{"href":"https:\/\/repaircafe-ludwigslust.de\/index.php\/wp-json\/wp\/v2\/types\/page"}],"author":[{"embeddable":true,"href":"https:\/\/repaircafe-ludwigslust.de\/index.php\/wp-json\/wp\/v2\/users\/1"}],"replies":[{"embeddable":true,"href":"https:\/\/repaircafe-ludwigslust.de\/index.php\/wp-json\/wp\/v2\/comments?post=9"}],"version-history":[{"count":66,"href":"https:\/\/repaircafe-ludwigslust.de\/index.php\/wp-json\/wp\/v2\/pages\/9\/revisions"}],"predecessor-version":[{"id":1623,"href":"https:\/\/repaircafe-ludwigslust.de\/index.php\/wp-json\/wp\/v2\/pages\/9\/revisions\/1623"}],"wp:attachment":[{"href":"https:\/\/repaircafe-ludwigslust.de\/index.php\/wp-json\/wp\/v2\/media?parent=9"}],"curies":[{"name":"wp","href":"https:\/\/api.w.org\/{rel}","templated":true}]}}